{"id":6296,"date":"2019-02-27T10:08:43","date_gmt":"2019-02-27T10:08:43","guid":{"rendered":"https:\/\/demo.goodlayers.com\/attorna\/?page_id=6296"},"modified":"2021-03-24T15:15:17","modified_gmt":"2021-03-24T12:15:17","slug":"agiz-dis-ve-cene-cerrahisi","status":"publish","type":"page","link":"https:\/\/dentatakoy.com\/tr\/agiz-dis-ve-cene-cerrahisi","title":{"rendered":"A\u011f\u0131z, Di\u015f ve \u00c7ene Cerrahisi"},"content":{"rendered":"","protected":false},"excerpt":{"rendered":"","protected":false},"author":1,"featured_media":0,"parent":0,"menu_order":0,"comment_status":"closed","ping_status":"closed","template":"","meta":{"footnotes":""},"class_list":["post-6296","page","type-page","status-publish","hentry"],"_links":{"self":[{"href":"https:\/\/dentatakoy.com\/tr\/wp-json\/wp\/v2\/pages\/6296","targetHints":{"allow":["GET"]}}],"collection":[{"href":"https:\/\/dentatakoy.com\/tr\/wp-json\/wp\/v2\/pages"}],"about":[{"href":"https:\/\/dentatakoy.com\/tr\/wp-json\/wp\/v2\/types\/page"}],"author":[{"embeddable":true,"href":"https:\/\/dentatakoy.com\/tr\/wp-json\/wp\/v2\/users\/1"}],"replies":[{"embeddable":true,"href":"https:\/\/dentatakoy.com\/tr\/wp-json\/wp\/v2\/comments?post=6296"}],"version-history":[{"count":5,"href":"https:\/\/dentatakoy.com\/tr\/wp-json\/wp\/v2\/pages\/6296\/revisions"}],"predecessor-version":[{"id":7581,"href":"https:\/\/dentatakoy.com\/tr\/wp-json\/wp\/v2\/pages\/6296\/revisions\/7581"}],"wp:attachment":[{"href":"https:\/\/dentatakoy.com\/tr\/wp-json\/wp\/v2\/media?parent=6296"}],"curies":[{"name":"wp","href":"https:\/\/api.w.org\/{rel}","templated":true}]}}